{"id":24,"date":"2025-08-24T13:19:52","date_gmt":"2025-08-24T10:19:52","guid":{"rendered":"http:\/\/ahsapmerkezi.disalu.com\/?page_id=24"},"modified":"2025-09-20T18:19:46","modified_gmt":"2025-09-20T15:19:46","slug":"blog","status":"publish","type":"page","link":"https:\/\/ahsapmerkezi.com\/ar\/blog\/","title":{"rendered":"\u0627\u0644\u0645\u062f\u0648\u0646\u0629"},"content":{"rendered":"<div data-elementor-type=\"wp-page\" data-elementor-id=\"24\" class=\"elementor elementor-24\">\n\t\t\t\t<div class=\"elementor-element elementor-element-a4f794b e-flex e-con-boxed e-con e-parent\" data-id=\"a4f794b\" data-element_type=\"container\" data-e-type=\"container\">\n\t\t\t\t\t<div class=\"e-con-inner\">\n\t\t\t\t<div class=\"elementor-element elementor-element-4f7a009 animated-slow elementor-invisible elementor-widget elementor-widget-heading\" data-id=\"4f7a009\" data-element_type=\"widget\" data-e-type=\"widget\" data-settings=\"{&quot;_animation&quot;:&quot;fadeIn&quot;}\" data-widget_type=\"heading.default\">\n\t\t\t\t\t<h1 class=\"elementor-heading-title elementor-size-default\">\u0627\u0644\u0645\u062f\u0648\u0646\u0629<\/h1>\t\t\t\t<\/div>\n\t\t\t\t\t<\/div>\n\t\t\t\t<\/div>\n\t\t<div class=\"elementor-element elementor-element-9746f1b e-flex e-con-boxed e-con e-parent\" data-id=\"9746f1b\" data-element_type=\"container\" data-e-type=\"container\">\n\t\t\t\t\t<div class=\"e-con-inner\">\n\t\t\t\t<div class=\"elementor-element elementor-element-ca62c2d elementor-widget elementor-widget-spacer\" data-id=\"ca62c2d\" data-element_type=\"widget\" data-e-type=\"widget\" data-widget_type=\"spacer.default\">\n\t\t\t\t\t\t\t<div class=\"elementor-spacer\">\n\t\t\t<div class=\"elementor-spacer-inner\"><\/div>\n\t\t<\/div>\n\t\t\t\t\t\t<\/div>\n\t\t<div class=\"elementor-element elementor-element-028c2fe e-con-full e-flex e-con e-child\" data-id=\"028c2fe\" data-element_type=\"container\" data-e-type=\"container\">\n\t\t<div class=\"elementor-element elementor-element-a92e887 e-con-full e-flex e-con e-child\" data-id=\"a92e887\" data-element_type=\"container\" data-e-type=\"container\" data-settings=\"{&quot;background_background&quot;:&quot;classic&quot;}\">\n\t\t\t\t<div class=\"elementor-element elementor-element-fed6f8f elementor-widget__width-inherit elementor-widget elementor-widget-image\" data-id=\"fed6f8f\" data-element_type=\"widget\" data-e-type=\"widget\" data-widget_type=\"image.default\">\n\t\t\t\t\t\t\t\t\t\t\t\t\t\t\t\t<a href=\"http:\/\/ahsapmerkezi.com\/index.php\/ahsabin-sicak-dokunusu\/\">\n\t\t\t\t\t\t\t<img fetchpriority=\"high\" decoding=\"async\" width=\"600\" height=\"390\" src=\"https:\/\/ahsapmerkezi.com\/wp-content\/uploads\/2025\/08\/Adsiz-tasarim-2025-08-30T144257.357.jpg\" class=\"attachment-large size-large wp-image-476\" alt=\"Ah\u015fab\u0131n S\u0131cak Dokunu\u015fu: Ev Dekorasyonunda Do\u011fal \u00c7\u00f6z\u00fcmlerAh\u015fab\u0131n S\u0131cak Dokunu\u015fu: Ev Dekorasyonunda Do\u011fal \u00c7\u00f6z\u00fcmler\" srcset=\"https:\/\/ahsapmerkezi.com\/wp-content\/uploads\/2025\/08\/Adsiz-tasarim-2025-08-30T144257.357.jpg 600w, https:\/\/ahsapmerkezi.com\/wp-content\/uploads\/2025\/08\/Adsiz-tasarim-2025-08-30T144257.357-300x195.jpg 300w\" sizes=\"(max-width: 600px) 100vw, 600px\" \/>\t\t\t\t\t\t\t\t<\/a>\n\t\t\t\t\t\t\t\t\t\t\t\t\t\t\t<\/div>\n\t\t<div class=\"elementor-element elementor-element-da9146e e-con-full e-flex e-con e-child\" data-id=\"da9146e\" data-element_type=\"container\" data-e-type=\"container\">\n\t\t\t\t<div class=\"elementor-element elementor-element-d012c53 elementor-widget elementor-widget-spacer\" data-id=\"d012c53\" data-element_type=\"widget\" data-e-type=\"widget\" data-widget_type=\"spacer.default\">\n\t\t\t\t\t\t\t<div class=\"elementor-spacer\">\n\t\t\t<div class=\"elementor-spacer-inner\"><\/div>\n\t\t<\/div>\n\t\t\t\t\t\t<\/div>\n\t\t\t\t<div class=\"elementor-element elementor-element-2e67173 elementor-widget elementor-widget-text-editor\" data-id=\"2e67173\" data-element_type=\"widget\" data-e-type=\"widget\" data-widget_type=\"text-editor.default\">\n\t\t\t\t\t\t\t\t\t<p>\u0627\u0644\u0645\u062f\u0648\u0646\u0629<\/p>\t\t\t\t\t\t\t\t<\/div>\n\t\t\t\t<div class=\"elementor-element elementor-element-6da142c elementor-widget elementor-widget-text-editor\" data-id=\"6da142c\" data-element_type=\"widget\" data-e-type=\"widget\" data-widget_type=\"text-editor.default\">\n\t\t\t\t\t\t\t\t\t<p>\ud83d\uddd3\ufe0f 30.08.2025<\/p>\t\t\t\t\t\t\t\t<\/div>\n\t\t\t\t<\/div>\n\t\t<div class=\"elementor-element elementor-element-aa26bb8 e-con-full e-flex e-con e-child\" data-id=\"aa26bb8\" data-element_type=\"container\" data-e-type=\"container\">\n\t\t\t\t<div class=\"elementor-element elementor-element-3b91d3f animated-slow elementor-widget elementor-widget-heading\" data-id=\"3b91d3f\" data-element_type=\"widget\" data-e-type=\"widget\" data-settings=\"{&quot;_animation&quot;:&quot;none&quot;}\" data-widget_type=\"heading.default\">\n\t\t\t\t\t<h3 class=\"elementor-heading-title elementor-size-default\">\u0627\u0644\u0644\u0645\u0633\u0629 \u0627\u0644\u062f\u0627\u0641\u0626\u0629 \u0644\u0644\u062e\u0634\u0628: \u062d\u0644\u0648\u0644 \u0637\u0628\u064a\u0639\u064a\u0629 \u0644\u0644\u062f\u064a\u0643\u0648\u0631 \u0627\u0644\u0645\u0646\u0632\u0644\u064a<\/h3>\t\t\t\t<\/div>\n\t\t\t\t<\/div>\n\t\t\t\t<\/div>\n\t\t<div class=\"elementor-element elementor-element-d5973a5 e-con-full e-flex e-con e-child\" data-id=\"d5973a5\" data-element_type=\"container\" data-e-type=\"container\" data-settings=\"{&quot;background_background&quot;:&quot;classic&quot;}\">\n\t\t\t\t<div class=\"elementor-element elementor-element-4978363 elementor-widget__width-inherit elementor-widget elementor-widget-image\" data-id=\"4978363\" data-element_type=\"widget\" data-e-type=\"widget\" data-widget_type=\"image.default\">\n\t\t\t\t\t\t\t\t\t\t\t\t\t\t\t\t<a href=\"http:\/\/ahsapmerkezi.com\/index.php\/surdurulebilir-yasamin-parcasi\/\">\n\t\t\t\t\t\t\t<img decoding=\"async\" width=\"600\" height=\"390\" src=\"https:\/\/ahsapmerkezi.com\/wp-content\/uploads\/2025\/08\/Adsiz-tasarim-2025-08-30T144733.974.jpg\" class=\"attachment-large size-large wp-image-477\" alt=\"S\u00fcrd\u00fcr\u00fclebilir Ya\u015fam\u0131n Par\u00e7as\u0131 Olun: Do\u011fal Ah\u015fap \u00dcr\u00fcnler Neden \u00d6nemli?\" srcset=\"https:\/\/ahsapmerkezi.com\/wp-content\/uploads\/2025\/08\/Adsiz-tasarim-2025-08-30T144733.974.jpg 600w, https:\/\/ahsapmerkezi.com\/wp-content\/uploads\/2025\/08\/Adsiz-tasarim-2025-08-30T144733.974-300x195.jpg 300w\" sizes=\"(max-width: 600px) 100vw, 600px\" \/>\t\t\t\t\t\t\t\t<\/a>\n\t\t\t\t\t\t\t\t\t\t\t\t\t\t\t<\/div>\n\t\t<div class=\"elementor-element elementor-element-b542805 e-con-full e-flex e-con e-child\" data-id=\"b542805\" data-element_type=\"container\" data-e-type=\"container\">\n\t\t\t\t<div class=\"elementor-element elementor-element-bb88448 elementor-widget elementor-widget-spacer\" data-id=\"bb88448\" data-element_type=\"widget\" data-e-type=\"widget\" data-widget_type=\"spacer.default\">\n\t\t\t\t\t\t\t<div class=\"elementor-spacer\">\n\t\t\t<div class=\"elementor-spacer-inner\"><\/div>\n\t\t<\/div>\n\t\t\t\t\t\t<\/div>\n\t\t\t\t<div class=\"elementor-element elementor-element-3c82e06 elementor-widget elementor-widget-text-editor\" data-id=\"3c82e06\" data-element_type=\"widget\" data-e-type=\"widget\" data-widget_type=\"text-editor.default\">\n\t\t\t\t\t\t\t\t\t<p>\u0627\u0644\u0645\u062f\u0648\u0646\u0629<\/p>\t\t\t\t\t\t\t\t<\/div>\n\t\t\t\t<div class=\"elementor-element elementor-element-95d80c2 elementor-widget elementor-widget-text-editor\" data-id=\"95d80c2\" data-element_type=\"widget\" data-e-type=\"widget\" data-widget_type=\"text-editor.default\">\n\t\t\t\t\t\t\t\t\t<p>\ud83d\uddd3\ufe0f 30.08.2025<\/p>\t\t\t\t\t\t\t\t<\/div>\n\t\t\t\t<\/div>\n\t\t<div class=\"elementor-element elementor-element-77e683b e-con-full e-flex e-con e-child\" data-id=\"77e683b\" data-element_type=\"container\" data-e-type=\"container\">\n\t\t\t\t<div class=\"elementor-element elementor-element-c79f584 animated-slow elementor-widget elementor-widget-heading\" data-id=\"c79f584\" data-element_type=\"widget\" data-e-type=\"widget\" data-settings=\"{&quot;_animation&quot;:&quot;none&quot;}\" data-widget_type=\"heading.default\">\n\t\t\t\t\t<h3 class=\"elementor-heading-title elementor-size-default\">\u0643\u0646 \u062c\u0632\u0621\u064b\u0627 \u0645\u0646 \u0627\u0644\u062d\u064a\u0627\u0629 \u0627\u0644\u0645\u0633\u062a\u062f\u0627\u0645\u0629: \u0644\u0645\u0627\u0630\u0627 \u062a\u0639\u062a\u0628\u0631 \u0627\u0644\u0645\u0646\u062a\u062c\u0627\u062a \u0627\u0644\u062e\u0634\u0628\u064a\u0629 \u0627\u0644\u0637\u0628\u064a\u0639\u064a\u0629 \u0645\u0647\u0645\u0629\u061f<\/h3>\t\t\t\t<\/div>\n\t\t\t\t<\/div>\n\t\t\t\t<\/div>\n\t\t<div class=\"elementor-element elementor-element-c965f4e e-con-full e-flex e-con e-child\" data-id=\"c965f4e\" data-element_type=\"container\" data-e-type=\"container\" data-settings=\"{&quot;background_background&quot;:&quot;classic&quot;}\">\n\t\t\t\t<div class=\"elementor-element elementor-element-2a2b52f elementor-widget__width-inherit elementor-widget elementor-widget-image\" data-id=\"2a2b52f\" data-element_type=\"widget\" data-e-type=\"widget\" data-widget_type=\"image.default\">\n\t\t\t\t\t\t\t\t\t\t\t\t\t\t\t\t<a href=\"http:\/\/ahsapmerkezi.com\/index.php\/dogru-ahsap-masa-secimi\/\">\n\t\t\t\t\t\t\t<img decoding=\"async\" width=\"600\" height=\"390\" src=\"https:\/\/ahsapmerkezi.com\/wp-content\/uploads\/2025\/08\/Adsiz-tasarim-2025-08-30T145203.232.jpg\" class=\"attachment-large size-large wp-image-478\" alt=\"Do\u011fru Ah\u015fap Masa Se\u00e7imi \u0130\u00e7in \u0130pu\u00e7lar\u0131: Masif Ah\u015fap M\u0131, Kaplama M\u0131?\" srcset=\"https:\/\/ahsapmerkezi.com\/wp-content\/uploads\/2025\/08\/Adsiz-tasarim-2025-08-30T145203.232.jpg 600w, https:\/\/ahsapmerkezi.com\/wp-content\/uploads\/2025\/08\/Adsiz-tasarim-2025-08-30T145203.232-300x195.jpg 300w\" sizes=\"(max-width: 600px) 100vw, 600px\" \/>\t\t\t\t\t\t\t\t<\/a>\n\t\t\t\t\t\t\t\t\t\t\t\t\t\t\t<\/div>\n\t\t<div class=\"elementor-element elementor-element-04145fc e-con-full e-flex e-con e-child\" data-id=\"04145fc\" data-element_type=\"container\" data-e-type=\"container\">\n\t\t\t\t<div class=\"elementor-element elementor-element-ab328d0 elementor-widget elementor-widget-spacer\" data-id=\"ab328d0\" data-element_type=\"widget\" data-e-type=\"widget\" data-widget_type=\"spacer.default\">\n\t\t\t\t\t\t\t<div class=\"elementor-spacer\">\n\t\t\t<div class=\"elementor-spacer-inner\"><\/div>\n\t\t<\/div>\n\t\t\t\t\t\t<\/div>\n\t\t\t\t<div class=\"elementor-element elementor-element-cb7454c elementor-widget elementor-widget-text-editor\" data-id=\"cb7454c\" data-element_type=\"widget\" data-e-type=\"widget\" data-widget_type=\"text-editor.default\">\n\t\t\t\t\t\t\t\t\t<p>\u0627\u0644\u0645\u062f\u0648\u0646\u0629<\/p>\t\t\t\t\t\t\t\t<\/div>\n\t\t\t\t<div class=\"elementor-element elementor-element-e896911 elementor-widget elementor-widget-text-editor\" data-id=\"e896911\" data-element_type=\"widget\" data-e-type=\"widget\" data-widget_type=\"text-editor.default\">\n\t\t\t\t\t\t\t\t\t<p>\ud83d\uddd3\ufe0f 30.08.2025<\/p>\t\t\t\t\t\t\t\t<\/div>\n\t\t\t\t<\/div>\n\t\t<div class=\"elementor-element elementor-element-c91b6bd e-con-full e-flex e-con e-child\" data-id=\"c91b6bd\" data-element_type=\"container\" data-e-type=\"container\">\n\t\t\t\t<div class=\"elementor-element elementor-element-1a2c4c7 animated-slow elementor-widget elementor-widget-heading\" data-id=\"1a2c4c7\" data-element_type=\"widget\" data-e-type=\"widget\" data-settings=\"{&quot;_animation&quot;:&quot;none&quot;}\" data-widget_type=\"heading.default\">\n\t\t\t\t\t<h3 class=\"elementor-heading-title elementor-size-default\">\u0646\u0635\u0627\u0626\u062d \u0644\u0627\u062e\u062a\u064a\u0627\u0631 \u0627\u0644\u0637\u0627\u0648\u0644\u0629 \u0627\u0644\u062e\u0634\u0628\u064a\u0629 \u0627\u0644\u0645\u0646\u0627\u0633\u0628\u0629: \u0627\u0644\u062e\u0634\u0628 \u0627\u0644\u0635\u0644\u0628 \u0623\u0645 \u0627\u0644\u0642\u0634\u0631\u0629 \u0627\u0644\u062e\u0634\u0628\u064a\u0629\u061f<\/h3>\t\t\t\t<\/div>\n\t\t\t\t<\/div>\n\t\t\t\t<\/div>\n\t\t\t\t<\/div>\n\t\t\t\t<div class=\"elementor-element elementor-element-c5ae9ac elementor-widget elementor-widget-spacer\" data-id=\"c5ae9ac\" data-element_type=\"widget\" data-e-type=\"widget\" data-widget_type=\"spacer.default\">\n\t\t\t\t\t\t\t<div class=\"elementor-spacer\">\n\t\t\t<div class=\"elementor-spacer-inner\"><\/div>\n\t\t<\/div>\n\t\t\t\t\t\t<\/div>\n\t\t<div class=\"elementor-element elementor-element-566987c e-con-full e-flex e-con e-child\" data-id=\"566987c\" data-element_type=\"container\" data-e-type=\"container\">\n\t\t<div class=\"elementor-element elementor-element-35f9dec e-con-full e-flex e-con e-child\" data-id=\"35f9dec\" data-element_type=\"container\" data-e-type=\"container\" data-settings=\"{&quot;background_background&quot;:&quot;classic&quot;}\">\n\t\t\t\t<div class=\"elementor-element elementor-element-7fa7dc3 elementor-widget__width-inherit elementor-widget elementor-widget-image\" data-id=\"7fa7dc3\" data-element_type=\"widget\" data-e-type=\"widget\" data-widget_type=\"image.default\">\n\t\t\t\t\t\t\t\t\t\t\t\t\t\t\t\t<a href=\"http:\/\/ahsapmerkezi.com\/index.php\/agacin-masaya-donusum-yolculugu\/\">\n\t\t\t\t\t\t\t<img loading=\"lazy\" decoding=\"async\" width=\"1024\" height=\"666\" src=\"https:\/\/ahsapmerkezi.com\/wp-content\/uploads\/2025\/08\/Adsiz-tasarim-2025-08-30T145833.524-1-1024x666.jpg\" class=\"attachment-large size-large wp-image-482\" alt=\"El Yap\u0131m\u0131 \u00dcr\u00fcnlerin Hikayesi: Bir A\u011fac\u0131n Masaya D\u00f6n\u00fc\u015f\u00fcm Yolculu\u011fu\" srcset=\"https:\/\/ahsapmerkezi.com\/wp-content\/uploads\/2025\/08\/Adsiz-tasarim-2025-08-30T145833.524-1-1024x666.jpg 1024w, https:\/\/ahsapmerkezi.com\/wp-content\/uploads\/2025\/08\/Adsiz-tasarim-2025-08-30T145833.524-1-300x195.jpg 300w, https:\/\/ahsapmerkezi.com\/wp-content\/uploads\/2025\/08\/Adsiz-tasarim-2025-08-30T145833.524-1-768x499.jpg 768w, https:\/\/ahsapmerkezi.com\/wp-content\/uploads\/2025\/08\/Adsiz-tasarim-2025-08-30T145833.524-1.jpg 1080w\" sizes=\"(max-width: 1024px) 100vw, 1024px\" \/>\t\t\t\t\t\t\t\t<\/a>\n\t\t\t\t\t\t\t\t\t\t\t\t\t\t\t<\/div>\n\t\t<div class=\"elementor-element elementor-element-54a5b23 e-con-full e-flex e-con e-child\" data-id=\"54a5b23\" data-element_type=\"container\" data-e-type=\"container\">\n\t\t\t\t<div class=\"elementor-element elementor-element-9a35476 elementor-widget elementor-widget-spacer\" data-id=\"9a35476\" data-element_type=\"widget\" data-e-type=\"widget\" data-widget_type=\"spacer.default\">\n\t\t\t\t\t\t\t<div class=\"elementor-spacer\">\n\t\t\t<div class=\"elementor-spacer-inner\"><\/div>\n\t\t<\/div>\n\t\t\t\t\t\t<\/div>\n\t\t\t\t<div class=\"elementor-element elementor-element-0cf41f8 elementor-widget elementor-widget-text-editor\" data-id=\"0cf41f8\" data-element_type=\"widget\" data-e-type=\"widget\" data-widget_type=\"text-editor.default\">\n\t\t\t\t\t\t\t\t\t<p>\u0627\u0644\u0645\u062f\u0648\u0646\u0629<\/p>\t\t\t\t\t\t\t\t<\/div>\n\t\t\t\t<div class=\"elementor-element elementor-element-abe7407 elementor-widget elementor-widget-text-editor\" data-id=\"abe7407\" data-element_type=\"widget\" data-e-type=\"widget\" data-widget_type=\"text-editor.default\">\n\t\t\t\t\t\t\t\t\t<p>\ud83d\uddd3\ufe0f 30.08.2025<\/p>\t\t\t\t\t\t\t\t<\/div>\n\t\t\t\t<\/div>\n\t\t<div class=\"elementor-element elementor-element-14672d6 e-con-full e-flex e-con e-child\" data-id=\"14672d6\" data-element_type=\"container\" data-e-type=\"container\">\n\t\t\t\t<div class=\"elementor-element elementor-element-539253d animated-slow elementor-widget elementor-widget-heading\" data-id=\"539253d\" data-element_type=\"widget\" data-e-type=\"widget\" data-settings=\"{&quot;_animation&quot;:&quot;none&quot;}\" data-widget_type=\"heading.default\">\n\t\t\t\t\t<h3 class=\"elementor-heading-title elementor-size-default\">\u0642\u0635\u0629 \u0627\u0644\u0645\u0646\u062a\u062c\u0627\u062a \u0627\u0644\u0645\u0635\u0646\u0648\u0639\u0629 \u064a\u062f\u0648\u064a\u0627\u064b: \u0631\u062d\u0644\u0629 \u0627\u0644\u0634\u062c\u0631\u0629 \u0625\u0644\u0649 \u0627\u0644\u0645\u0627\u0626\u062f\u0629<\/h3>\t\t\t\t<\/div>\n\t\t\t\t<\/div>\n\t\t\t\t<\/div>\n\t\t<div class=\"elementor-element elementor-element-dfaa833 e-con-full e-flex e-con e-child\" data-id=\"dfaa833\" data-element_type=\"container\" data-e-type=\"container\" data-settings=\"{&quot;background_background&quot;:&quot;classic&quot;}\">\n\t\t\t\t<div class=\"elementor-element elementor-element-0925090 elementor-widget__width-inherit elementor-widget elementor-widget-image\" data-id=\"0925090\" data-element_type=\"widget\" data-e-type=\"widget\" data-widget_type=\"image.default\">\n\t\t\t\t\t\t\t\t\t\t\t\t\t\t\t\t<a href=\"http:\/\/ahsapmerkezi.com\/index.php\/ahsap-mobilyalarin-bakimi\/\">\n\t\t\t\t\t\t\t<img loading=\"lazy\" decoding=\"async\" width=\"600\" height=\"390\" src=\"https:\/\/ahsapmerkezi.com\/wp-content\/uploads\/2025\/08\/Adsiz-tasarim-2025-08-30T150309.586.jpg\" class=\"attachment-large size-large wp-image-483\" alt=\"Ah\u015fap Mobilyalar\u0131n Bak\u0131m\u0131: \u00d6mr\u00fcn\u00fc Uzatmak \u0130\u00e7in Yapman\u0131z Gerekenler\" srcset=\"https:\/\/ahsapmerkezi.com\/wp-content\/uploads\/2025\/08\/Adsiz-tasarim-2025-08-30T150309.586.jpg 600w, https:\/\/ahsapmerkezi.com\/wp-content\/uploads\/2025\/08\/Adsiz-tasarim-2025-08-30T150309.586-300x195.jpg 300w\" sizes=\"(max-width: 600px) 100vw, 600px\" \/>\t\t\t\t\t\t\t\t<\/a>\n\t\t\t\t\t\t\t\t\t\t\t\t\t\t\t<\/div>\n\t\t<div class=\"elementor-element elementor-element-ca815e3 e-con-full e-flex e-con e-child\" data-id=\"ca815e3\" data-element_type=\"container\" data-e-type=\"container\">\n\t\t\t\t<div class=\"elementor-element elementor-element-5dd4493 elementor-widget elementor-widget-spacer\" data-id=\"5dd4493\" data-element_type=\"widget\" data-e-type=\"widget\" data-widget_type=\"spacer.default\">\n\t\t\t\t\t\t\t<div class=\"elementor-spacer\">\n\t\t\t<div class=\"elementor-spacer-inner\"><\/div>\n\t\t<\/div>\n\t\t\t\t\t\t<\/div>\n\t\t\t\t<div class=\"elementor-element elementor-element-287f3b7 elementor-widget elementor-widget-text-editor\" data-id=\"287f3b7\" data-element_type=\"widget\" data-e-type=\"widget\" data-widget_type=\"text-editor.default\">\n\t\t\t\t\t\t\t\t\t<p>\u0627\u0644\u0645\u062f\u0648\u0646\u0629<\/p>\t\t\t\t\t\t\t\t<\/div>\n\t\t\t\t<div class=\"elementor-element elementor-element-39b8109 elementor-widget elementor-widget-text-editor\" data-id=\"39b8109\" data-element_type=\"widget\" data-e-type=\"widget\" data-widget_type=\"text-editor.default\">\n\t\t\t\t\t\t\t\t\t<p>\ud83d\uddd3\ufe0f 30.08.2025<\/p>\t\t\t\t\t\t\t\t<\/div>\n\t\t\t\t<\/div>\n\t\t<div class=\"elementor-element elementor-element-0d11dc3 e-con-full e-flex e-con e-child\" data-id=\"0d11dc3\" data-element_type=\"container\" data-e-type=\"container\">\n\t\t\t\t<div class=\"elementor-element elementor-element-d32df7c animated-slow elementor-widget elementor-widget-heading\" data-id=\"d32df7c\" data-element_type=\"widget\" data-e-type=\"widget\" data-settings=\"{&quot;_animation&quot;:&quot;none&quot;}\" data-widget_type=\"heading.default\">\n\t\t\t\t\t<h3 class=\"elementor-heading-title elementor-size-default\">\u0627\u0644\u0639\u0646\u0627\u064a\u0629 \u0628\u0627\u0644\u0623\u062b\u0627\u062b \u0627\u0644\u062e\u0634\u0628\u064a: \u0645\u0627 \u0639\u0644\u064a\u0643 \u0627\u0644\u0642\u064a\u0627\u0645 \u0628\u0647 \u0644\u0625\u0637\u0627\u0644\u0629 \u0639\u0645\u0631\u0647\u0627 \u0627\u0644\u0627\u0641\u062a\u0631\u0627\u0636\u064a\n\n<\/h3>\t\t\t\t<\/div>\n\t\t\t\t<\/div>\n\t\t\t\t<\/div>\n\t\t\t\t<\/div>\n\t\t\t\t\t<\/div>\n\t\t\t\t<\/div>\n\t\t\t\t<\/div>","protected":false},"excerpt":{"rendered":"<p>Blog BLOG \ud83d\uddd3\ufe0f 30.08.2025 Ah\u015fab\u0131n S\u0131cak Dokunu\u015fu: Ev Dekorasyonunda Do\u011fal \u00c7\u00f6z\u00fcmler BLOG \ud83d\uddd3\ufe0f 30.08.2025 S\u00fcrd\u00fcr\u00fclebilir Ya\u015fam\u0131n Par\u00e7as\u0131 Olun: Do\u011fal Ah\u015fap [&hellip;]<\/p>\n","protected":false},"author":1,"featured_media":0,"parent":0,"menu_order":0,"comment_status":"closed","ping_status":"closed","template":"elementor_header_footer","meta":{"site-sidebar-layout":"no-sidebar","site-content-layout":"","ast-site-content-layout":"full-width-container","site-content-style":"default","site-sidebar-style":"default","ast-global-header-display":"","ast-banner-title-visibility":"","ast-main-header-display":"","ast-hfb-above-header-display":"","ast-hfb-below-header-display":"","ast-hfb-mobile-header-display":"","site-post-title":"","ast-breadcrumbs-content":"","ast-featured-img":"disabled","footer-sml-layout":"","ast-disable-related-posts":"","theme-transparent-header-meta":"","adv-header-id-meta":"","stick-header-meta":"","header-above-stick-meta":"","header-main-stick-meta":"","header-below-stick-meta":"","astra-migrate-meta-layouts":"default","ast-page-background-enabled":"default","ast-page-background-meta":{"desktop":{"background-color":"var(--ast-global-color-5)","background-image":"","background-repeat":"repeat","background-position":"center center","background-size":"auto","background-attachment":"scroll","background-type":"","background-media":"","overlay-type":"","overlay-color":"","overlay-opacity":"","overlay-gradient":""},"tablet":{"background-color":"","background-image":"","background-repeat":"repeat","background-position":"center center","background-size":"auto","background-attachment":"scroll","background-type":"","background-media":"","overlay-type":"","overlay-color":"","overlay-opacity":"","overlay-gradient":""},"mobile":{"background-color":"","background-image":"","background-repeat":"repeat","background-position":"center center","background-size":"auto","background-attachment":"scroll","background-type":"","background-media":"","overlay-type":"","overlay-color":"","overlay-opacity":"","overlay-gradient":""}},"ast-content-background-meta":{"desktop":{"background-color":"var(--ast-global-color-4)","background-image":"","background-repeat":"repeat","background-position":"center center","background-size":"auto","background-attachment":"scroll","background-type":"","background-media":"","overlay-type":"","overlay-color":"","overlay-opacity":"","overlay-gradient":""},"tablet":{"background-color":"var(--ast-global-color-4)","background-image":"","background-repeat":"repeat","background-position":"center center","background-size":"auto","background-attachment":"scroll","background-type":"","background-media":"","overlay-type":"","overlay-color":"","overlay-opacity":"","overlay-gradient":""},"mobile":{"background-color":"var(--ast-global-color-4)","background-image":"","background-repeat":"repeat","background-position":"center center","background-size":"auto","background-attachment":"scroll","background-type":"","background-media":"","overlay-type":"","overlay-color":"","overlay-opacity":"","overlay-gradient":""}},"_joinchat":[],"footnotes":""},"class_list":["post-24","page","type-page","status-publish","hentry"],"_links":{"self":[{"href":"https:\/\/ahsapmerkezi.com\/ar\/wp-json\/wp\/v2\/pages\/24","targetHints":{"allow":["GET"]}}],"collection":[{"href":"https:\/\/ahsapmerkezi.com\/ar\/wp-json\/wp\/v2\/pages"}],"about":[{"href":"https:\/\/ahsapmerkezi.com\/ar\/wp-json\/wp\/v2\/types\/page"}],"author":[{"embeddable":true,"href":"https:\/\/ahsapmerkezi.com\/ar\/wp-json\/wp\/v2\/users\/1"}],"replies":[{"embeddable":true,"href":"https:\/\/ahsapmerkezi.com\/ar\/wp-json\/wp\/v2\/comments?post=24"}],"version-history":[{"count":74,"href":"https:\/\/ahsapmerkezi.com\/ar\/wp-json\/wp\/v2\/pages\/24\/revisions"}],"predecessor-version":[{"id":2166,"href":"https:\/\/ahsapmerkezi.com\/ar\/wp-json\/wp\/v2\/pages\/24\/revisions\/2166"}],"wp:attachment":[{"href":"https:\/\/ahsapmerkezi.com\/ar\/wp-json\/wp\/v2\/media?parent=24"}],"curies":[{"name":"wp","href":"https:\/\/api.w.org\/{rel}","templated":true}]}}