{"id":1584,"date":"2025-09-06T12:31:17","date_gmt":"2025-09-06T09:31:17","guid":{"rendered":"http:\/\/ahsapmerkezi.disalu.com\/?page_id=1584"},"modified":"2025-09-09T17:06:34","modified_gmt":"2025-09-09T14:06:34","slug":"cerez-politikasi","status":"publish","type":"page","link":"https:\/\/ahsapmerkezi.com\/it\/cerez-politikasi\/","title":{"rendered":"Informativa sui cookie"},"content":{"rendered":"<div data-elementor-type=\"wp-page\" data-elementor-id=\"1584\" class=\"elementor elementor-1584\">\n\t\t\t\t<div class=\"elementor-element elementor-element-7541e2d e-flex e-con-boxed e-con e-parent\" data-id=\"7541e2d\" data-element_type=\"container\" data-e-type=\"container\">\n\t\t\t\t\t<div class=\"e-con-inner\">\n\t\t\t\t<div class=\"elementor-element elementor-element-f350dd1 animated-slow elementor-invisible elementor-widget elementor-widget-heading\" data-id=\"f350dd1\" data-element_type=\"widget\" data-e-type=\"widget\" data-settings=\"{&quot;_animation&quot;:&quot;fadeIn&quot;}\" data-widget_type=\"heading.default\">\n\t\t\t\t\t<h1 class=\"elementor-heading-title elementor-size-default\">Informativa sui cookie<\/h1>\t\t\t\t<\/div>\n\t\t\t\t\t<\/div>\n\t\t\t\t<\/div>\n\t\t<div class=\"elementor-element elementor-element-51cee5c e-flex e-con-boxed e-con e-parent\" data-id=\"51cee5c\" data-element_type=\"container\" data-e-type=\"container\">\n\t\t\t\t\t<div class=\"e-con-inner\">\n\t\t\t\t<div class=\"elementor-element elementor-element-470520c elementor-widget elementor-widget-spacer\" data-id=\"470520c\" data-element_type=\"widget\" data-e-type=\"widget\" data-widget_type=\"spacer.default\">\n\t\t\t\t\t\t\t<div class=\"elementor-spacer\">\n\t\t\t<div class=\"elementor-spacer-inner\"><\/div>\n\t\t<\/div>\n\t\t\t\t\t\t<\/div>\n\t\t\t\t<div class=\"elementor-element elementor-element-732e0cc animated-slow elementor-widget elementor-widget-heading\" data-id=\"732e0cc\" data-element_type=\"widget\" data-e-type=\"widget\" data-settings=\"{&quot;_animation&quot;:&quot;none&quot;}\" data-widget_type=\"heading.default\">\n\t\t\t\t\t<h2 class=\"elementor-heading-title elementor-size-default\">Politica sui cookie: Tipi di cookie e finalit\u00e0 d'uso<\/h2>\t\t\t\t<\/div>\n\t\t\t\t<div class=\"elementor-element elementor-element-852e159 elementor-widget-divider--view-line elementor-widget elementor-widget-divider\" data-id=\"852e159\" data-element_type=\"widget\" data-e-type=\"widget\" data-settings=\"{&quot;_animation&quot;:&quot;none&quot;,&quot;_animation_delay&quot;:50}\" data-widget_type=\"divider.default\">\n\t\t\t\t\t\t\t<div class=\"elementor-divider\">\n\t\t\t<span class=\"elementor-divider-separator\">\n\t\t\t\t\t\t<\/span>\n\t\t<\/div>\n\t\t\t\t\t\t<\/div>\n\t\t\t\t<div class=\"elementor-element elementor-element-c5b1086 elementor-widget elementor-widget-text-editor\" data-id=\"c5b1086\" data-element_type=\"widget\" data-e-type=\"widget\" data-settings=\"{&quot;_animation&quot;:&quot;none&quot;}\" data-widget_type=\"text-editor.default\">\n\t\t\t\t\t\t\t\t\t<p>\u00a0 \u00a0In generale, i cookie sono costituiti da informazioni quali il luogo in cui l'utente si collega al nostro sito web, il dispositivo, il contenuto e la durata della visualizzazione di tale contenuto. Come KAYIOBA \u0130N\u015eAAT SAN. VE T\u0130C.LTD.\u015eT\u0130. raccogliamo e analizziamo questi dati e cerchiamo di fornirvi servizi migliori.<\/p><p>\u00a0 \u00a0Quando visitate il nostro sito web, questi dati vengono caricati sul vostro computer dal browser che utilizzate. In questo modo, la prossima volta che visiterete il nostro sito web, vi verr\u00e0 offerto un servizio pi\u00f9 personalizzato in linea con le vostre precedenti preferenze grazie a questi cookie.<\/p><p>\u00a0 \u00a0 I tipi di cookie che utilizziamo e gli scopi per cui vengono utilizzati sono spiegati di seguito:<\/p>\t\t\t\t\t\t\t\t<\/div>\n\t\t\t\t<div class=\"elementor-element elementor-element-3badda2 animated-slow elementor-widget elementor-widget-heading\" data-id=\"3badda2\" data-element_type=\"widget\" data-e-type=\"widget\" data-settings=\"{&quot;_animation&quot;:&quot;none&quot;}\" data-widget_type=\"heading.default\">\n\t\t\t\t\t<h3 class=\"elementor-heading-title elementor-size-default\">Tipi di cookie<\/h3>\t\t\t\t<\/div>\n\t\t\t\t<div class=\"elementor-element elementor-element-f6ea09a elementor-widget elementor-widget-text-editor\" data-id=\"f6ea09a\" data-element_type=\"widget\" data-e-type=\"widget\" data-settings=\"{&quot;_animation&quot;:&quot;none&quot;}\" data-widget_type=\"text-editor.default\">\n\t\t\t\t\t\t\t\t\t<p><b>1. Cookie obbligatori (cookie strettamente necessari):<\/b> Questi cookie sono essenziali per le funzioni di base del nostro sito web e non possono essere disattivati dai nostri sistemi. Di solito vengono impostati in risposta ad azioni compiute dall'utente, come l'impostazione delle preferenze sulla privacy o il login. Senza questi cookie, il sito web non pu\u00f2 funzionare correttamente.<br \/><br \/><\/p><p><b>2. Cookie di prestazione:<\/b> Questi cookie ci permettono di monitorare il numero di visitatori del sito e la navigazione tra le pagine. In questo modo possiamo misurare e migliorare le prestazioni del nostro sito. Le informazioni raccolte sono anonime e non contengono i vostri dati personali.<br \/><br \/><\/p><p><b>3. Cookie funzionali:<\/b> Questi cookie consentono al nostro sito web di offrirvi un'esperienza migliorata e personalizzata. Ad esempio, possono ricordare le vostre preferenze precedenti (come il nome utente, la lingua o la regione) e offrirvi contenuti specializzati. Il rifiuto di questi cookie pu\u00f2 impedire il corretto funzionamento di alcune funzioni del sito.<br \/><br \/><\/p><p><b>4. Cookie di targeting e pubblicit\u00e0:<\/b> Questi cookie possono essere utilizzati per fornirvi pubblicit\u00e0 pi\u00f9 pertinenti ai vostri interessi. Quando visitate il nostro sito, i dati possono essere raccolti dai nostri partner pubblicitari terzi attraverso questi cookie. Questi cookie possono tracciare le vostre abitudini di navigazione sui vari siti web e creare un profilo pubblicitario. Se rifiutate questi cookie, le pubblicit\u00e0 che vi vengono mostrate saranno meno mirate.<\/p>\t\t\t\t\t\t\t\t<\/div>\n\t\t\t\t<div class=\"elementor-element elementor-element-bb4ae39 animated-slow elementor-widget elementor-widget-heading\" data-id=\"bb4ae39\" data-element_type=\"widget\" data-e-type=\"widget\" data-settings=\"{&quot;_animation&quot;:&quot;none&quot;}\" data-widget_type=\"heading.default\">\n\t\t\t\t\t<h3 class=\"elementor-heading-title elementor-size-default\">Periodi di conservazione dei cookie<\/h3>\t\t\t\t<\/div>\n\t\t\t\t<div class=\"elementor-element elementor-element-27a97c5 elementor-widget elementor-widget-text-editor\" data-id=\"27a97c5\" data-element_type=\"widget\" data-e-type=\"widget\" data-settings=\"{&quot;_animation&quot;:&quot;none&quot;}\" data-widget_type=\"text-editor.default\">\n\t\t\t\t\t\t\t\t\t<p>\u00a0 \u00a0I cookie utilizzati sul nostro sito web si dividono in due categorie principali in base al loro periodo di conservazione:<br \/><br \/><\/p><p><b>1. Cookie di sessione:<\/b> Si tratta di cookie temporanei, validi durante la sessione del sito web e che vengono automaticamente eliminati alla chiusura del browser. Ad esempio, i cookie che garantiscono la continuit\u00e0 della sessione quando si passa da una pagina all'altra.<br \/><br \/><\/p><p><b>2. Cookie persistenti:<\/b> Questi cookie sono cookie che rimangono sul vostro dispositivo dopo la chiusura del browser e restano attivi per un certo periodo di tempo (questo periodo pu\u00f2 variare per ogni cookie). Questi cookie sono utilizzati per riconoscere l'utente alla visita successiva e ricordare le sue preferenze (come la selezione della lingua, il nome utente). I periodi di validit\u00e0 dei cookie persistenti possono variare da pochi minuti a diversi anni, a seconda dello scopo del cookie.<\/p>\t\t\t\t\t\t\t\t<\/div>\n\t\t\t\t<div class=\"elementor-element elementor-element-3b9b798 animated-slow elementor-widget elementor-widget-heading\" data-id=\"3b9b798\" data-element_type=\"widget\" data-e-type=\"widget\" data-settings=\"{&quot;_animation&quot;:&quot;none&quot;}\" data-widget_type=\"heading.default\">\n\t\t\t\t\t<h3 class=\"elementor-heading-title elementor-size-default\">Tipi di utilizzo dei cookie<\/h3>\t\t\t\t<\/div>\n\t\t\t\t<div class=\"elementor-element elementor-element-a50aef9 elementor-widget elementor-widget-text-editor\" data-id=\"a50aef9\" data-element_type=\"widget\" data-e-type=\"widget\" data-settings=\"{&quot;_animation&quot;:&quot;none&quot;}\" data-widget_type=\"text-editor.default\">\n\t\t\t\t\t\t\t\t\t<p>\u00a0 \u00a0L'obiettivo primario di KAYIOBA \u0130N\u015eAAT SAN. VE T\u0130C.LTD.\u015eT\u0130. \u00e8 quello di garantire la vostra sicurezza. Utilizziamo i cookie raccolti per analizzare le tendenze dei nostri utenti, per migliorare i servizi internet di KAYIOBA \u0130N\u015eAAT SAN. VE T\u0130C.LTD.\u015eT\u0130. e per fornirvi un servizio personalizzato e di migliore qualit\u00e0. I dati raccolti dai nostri utenti sono anonimi e vengono utilizzati solo a fini statistici.<\/p><p>\u00a0 \u00a0Quando visitate il nostro sito web, questi dati vengono caricati sul vostro computer dal browser che utilizzate. In questo modo, la prossima volta che visiterete il nostro sito web, vi verr\u00e0 offerto un servizio pi\u00f9 personalizzato in linea con le vostre precedenti preferenze grazie a questi cookie.<\/p>\t\t\t\t\t\t\t\t<\/div>\n\t\t\t\t<div class=\"elementor-element elementor-element-e1a3997 animated-slow elementor-widget elementor-widget-heading\" data-id=\"e1a3997\" data-element_type=\"widget\" data-e-type=\"widget\" data-settings=\"{&quot;_animation&quot;:&quot;none&quot;}\" data-widget_type=\"heading.default\">\n\t\t\t\t\t<h3 class=\"elementor-heading-title elementor-size-default\">Cookie di terze parti<\/h3>\t\t\t\t<\/div>\n\t\t\t\t<div class=\"elementor-element elementor-element-478a163 elementor-widget elementor-widget-text-editor\" data-id=\"478a163\" data-element_type=\"widget\" data-e-type=\"widget\" data-settings=\"{&quot;_animation&quot;:&quot;none&quot;}\" data-widget_type=\"text-editor.default\">\n\t\t\t\t\t\t\t\t\t<p>\u00a0 \u00a0Oltre ai nostri cookie, sul nostro sito web possono essere utilizzati anche cookie collocati dai nostri partner commerciali e fornitori di servizi (terze parti). Questi cookie servono a vari scopi, come il miglioramento delle prestazioni del sito, la personalizzazione dell'esperienza dell'utente e la gestione delle attivit\u00e0 pubblicitarie.<\/p><p>\u00a0 \u00a0Le principali aree di utilizzo di questi cookie sono le seguenti:<br \/><br \/><\/p><ul><li><p><b>Analisi e prestazioni:<\/b> Strumenti di analisi di terze parti, come Google Analytics, ci aiutano a capire come viene utilizzato il nostro sito e a migliorare le nostre prestazioni. Questi cookie raccolgono in modo anonimo il numero di visitatori, il tempo impiegato per navigare tra le pagine e le pagine pi\u00f9 popolari.<br \/><br \/><\/p><\/li><li><p><b>Pubblicit\u00e0 e targeting:<\/b> I cookie collocati da terzi, come le reti pubblicitarie e le piattaforme di social media (ad es. Facebook, Google Ads), vengono utilizzati per fornire pubblicit\u00e0 personalizzata in base ai vostri interessi. Questi cookie possono tracciare le vostre abitudini di navigazione sui vari siti web e creare un profilo di interessi per voi.<br \/><br \/><\/p><\/li><li><p><b>Plugin per i social media:<\/b> I plugin dei social media integrati nel nostro sito web possono far s\u00ec che le piattaforme in questione utilizzino i propri cookie. Questi cookie consentono all'utente di interagire con il proprio account sulla piattaforma e permettono alla piattaforma di raccogliere dati sull'utente.<\/p><\/li><\/ul>\t\t\t\t\t\t\t\t<\/div>\n\t\t\t\t<div class=\"elementor-element elementor-element-7355491 animated-slow elementor-widget elementor-widget-heading\" data-id=\"7355491\" data-element_type=\"widget\" data-e-type=\"widget\" data-settings=\"{&quot;_animation&quot;:&quot;none&quot;}\" data-widget_type=\"heading.default\">\n\t\t\t\t\t<h3 class=\"elementor-heading-title elementor-size-default\">Controllo dei cookie<\/h3>\t\t\t\t<\/div>\n\t\t\t\t<div class=\"elementor-element elementor-element-7a2b11e elementor-widget elementor-widget-text-editor\" data-id=\"7a2b11e\" data-element_type=\"widget\" data-e-type=\"widget\" data-settings=\"{&quot;_animation&quot;:&quot;none&quot;}\" data-widget_type=\"text-editor.default\">\n\t\t\t\t\t\t\t\t\t<p>\u00a0 \u00a0Se non si desidera utilizzare questo servizio, \u00e8 possibile disattivare le autorizzazioni per i cookie nella sezione impostazioni del browser o ottenere informazioni dettagliate dalle schede di aiuto.<\/p><p>\u00a0 \u00a0Quando visitate il nostro sito web, questi dati vengono caricati sul vostro computer dal browser che utilizzate. In questo modo, la prossima volta che visiterete il nostro sito web, vi verr\u00e0 offerto un servizio pi\u00f9 personalizzato in linea con le vostre precedenti preferenze grazie a questi cookie.<\/p>\t\t\t\t\t\t\t\t<\/div>\n\t\t\t\t<div class=\"elementor-element elementor-element-174efb0 animated-slow elementor-widget elementor-widget-heading\" data-id=\"174efb0\" data-element_type=\"widget\" data-e-type=\"widget\" data-settings=\"{&quot;_animation&quot;:&quot;none&quot;}\" data-widget_type=\"heading.default\">\n\t\t\t\t\t<h3 class=\"elementor-heading-title elementor-size-default\">Google Analytics<\/h3>\t\t\t\t<\/div>\n\t\t\t\t<div class=\"elementor-element elementor-element-fe42e3e elementor-widget elementor-widget-text-editor\" data-id=\"fe42e3e\" data-element_type=\"widget\" data-e-type=\"widget\" data-settings=\"{&quot;_animation&quot;:&quot;none&quot;}\" data-widget_type=\"text-editor.default\">\n\t\t\t\t\t\t\t\t\t<p>\u00a0 \u00a0Come KAYIOBA \u0130N\u015eAAT SAN. VE T\u0130C.LTD.\u015eT\u0130. usufruiamo anche dei servizi di Google Analytics forniti da Google Inc. Utilizziamo inoltre i rapporti di attivit\u00e0 emessi da Google solo per migliorare i nostri servizi.<\/p><p>\u00a0 \u00a0Google memorizza i dati ricevuti dal nostro sito web per proprio conto e si riserva il diritto di condividere questi dati con organizzazioni terze nel caso in cui sia obbligato a condividerli con organizzazioni terze a causa di norme legali obbligatorie. Per informazioni dettagliate<br \/><a href=\"https:\/\/policies.google.com\/privacy\" target=\"_blank\" rel=\"noopener\">\u00a0<strong><u>https:\/\/policies.google.com\/privacy<\/u><\/strong>\u00a0<\/a>Potete visitare l'indirizzo.<\/p><p>\u00a0 \u00a0Quando visitate il nostro sito web, questi dati vengono caricati sul vostro computer dal browser che utilizzate. In questo modo, la prossima volta che visiterete il nostro sito web, vi verr\u00e0 offerto un servizio pi\u00f9 personalizzato in linea con le vostre precedenti preferenze grazie a questi cookie.<\/p><p>\u00a0 \u00a0Quando visitate il nostro sito web, questi dati vengono caricati sul vostro computer dal browser che utilizzate. In questo modo, la prossima volta che visiterete il nostro sito web, vi verr\u00e0 offerto un servizio pi\u00f9 personalizzato in linea con le vostre precedenti preferenze grazie a questi cookie.<\/p>\t\t\t\t\t\t\t\t<\/div>\n\t\t\t\t<div class=\"elementor-element elementor-element-159da13 elementor-widget elementor-widget-spacer\" data-id=\"159da13\" data-element_type=\"widget\" data-e-type=\"widget\" data-widget_type=\"spacer.default\">\n\t\t\t\t\t\t\t<div class=\"elementor-spacer\">\n\t\t\t<div class=\"elementor-spacer-inner\"><\/div>\n\t\t<\/div>\n\t\t\t\t\t\t<\/div>\n\t\t\t\t<div class=\"elementor-element elementor-element-900f193 e-transform elementor-widget elementor-widget-button\" data-id=\"900f193\" data-element_type=\"widget\" data-e-type=\"widget\" data-settings=\"{&quot;_animation&quot;:&quot;none&quot;,&quot;_transform_scale_effect_hover&quot;:{&quot;unit&quot;:&quot;px&quot;,&quot;size&quot;:1.08,&quot;sizes&quot;:[]},&quot;_transform_scale_effect_hover_tablet&quot;:{&quot;unit&quot;:&quot;px&quot;,&quot;size&quot;:&quot;&quot;,&quot;sizes&quot;:[]},&quot;_transform_scale_effect_hover_mobile&quot;:{&quot;unit&quot;:&quot;px&quot;,&quot;size&quot;:&quot;&quot;,&quot;sizes&quot;:[]}}\" data-widget_type=\"button.default\">\n\t\t\t\t\t\t\t\t\t\t<a class=\"elementor-button elementor-button-link elementor-size-sm\" href=\"http:\/\/ahsapmerkezi.com\/it\/\">\n\t\t\t\t\t\t<span class=\"elementor-button-content-wrapper\">\n\t\t\t\t\t\t<span class=\"elementor-button-icon\">\n\t\t\t\t<svg aria-hidden=\"true\" class=\"e-font-icon-svg e-fas-long-arrow-alt-left\" viewbox=\"0 0 448 512\" xmlns=\"http:\/\/www.w3.org\/2000\/svg\"><path d=\"M134.059 296H436c6.627 0 12-5.373 12-12v-56c0-6.627-5.373-12-12-12H134.059v-46.059c0-21.382-25.851-32.09-40.971-16.971L7.029 239.029c-9.373 9.373-9.373 24.569 0 33.941l86.059 86.059c15.119 15.119 40.971 4.411 40.971-16.971V296z\"><\/path><\/svg>\t\t\t<\/span>\n\t\t\t\t\t\t\t\t\t<span class=\"elementor-button-text\">Torna indietro<\/span>\n\t\t\t\t\t<\/span>\n\t\t\t\t\t<\/a>\n\t\t\t\t\t\t\t\t<\/div>\n\t\t\t\t<div class=\"elementor-element elementor-element-c51156d elementor-widget elementor-widget-spacer\" data-id=\"c51156d\" data-element_type=\"widget\" data-e-type=\"widget\" data-widget_type=\"spacer.default\">\n\t\t\t\t\t\t\t<div class=\"elementor-spacer\">\n\t\t\t<div class=\"elementor-spacer-inner\"><\/div>\n\t\t<\/div>\n\t\t\t\t\t\t<\/div>\n\t\t\t\t\t<\/div>\n\t\t\t\t<\/div>\n\t\t\t\t<\/div>","protected":false},"excerpt":{"rendered":"<p>\u00c7erez Politikas\u0131 \u00c7erez Politikas\u0131: \u00c7erez T\u00fcrleri ve Kullan\u0131m Ama\u00e7lar\u0131 \u00a0 \u00a0Genel olarak \u00e7erezler sizlerin web sitemize nereden, hangi cihazla ba\u011fland\u0131\u011f\u0131n\u0131z, [&hellip;]<\/p>\n","protected":false},"author":1,"featured_media":0,"parent":0,"menu_order":0,"comment_status":"closed","ping_status":"closed","template":"elementor_header_footer","meta":{"site-sidebar-layout":"no-sidebar","site-content-layout":"","ast-site-content-layout":"full-width-container","site-content-style":"default","site-sidebar-style":"default","ast-global-header-display":"","ast-banner-title-visibility":"","ast-main-header-display":"","ast-hfb-above-header-display":"","ast-hfb-below-header-display":"","ast-hfb-mobile-header-display":"","site-post-title":"","ast-breadcrumbs-content":"","ast-featured-img":"disabled","footer-sml-layout":"","ast-disable-related-posts":"","theme-transparent-header-meta":"","adv-header-id-meta":"","stick-header-meta":"","header-above-stick-meta":"","header-main-stick-meta":"","header-below-stick-meta":"","astra-migrate-meta-layouts":"default","ast-page-background-enabled":"default","ast-page-background-meta":{"desktop":{"background-color":"var(--ast-global-color-5)","background-image":"","background-repeat":"repeat","background-position":"center center","background-size":"auto","background-attachment":"scroll","background-type":"","background-media":"","overlay-type":"","overlay-color":"","overlay-opacity":"","overlay-gradient":""},"tablet":{"background-color":"","background-image":"","background-repeat":"repeat","background-position":"center center","background-size":"auto","background-attachment":"scroll","background-type":"","background-media":"","overlay-type":"","overlay-color":"","overlay-opacity":"","overlay-gradient":""},"mobile":{"background-color":"","background-image":"","background-repeat":"repeat","background-position":"center center","background-size":"auto","background-attachment":"scroll","background-type":"","background-media":"","overlay-type":"","overlay-color":"","overlay-opacity":"","overlay-gradient":""}},"ast-content-background-meta":{"desktop":{"background-color":"var(--ast-global-color-4)","background-image":"","background-repeat":"repeat","background-position":"center center","background-size":"auto","background-attachment":"scroll","background-type":"","background-media":"","overlay-type":"","overlay-color":"","overlay-opacity":"","overlay-gradient":""},"tablet":{"background-color":"var(--ast-global-color-4)","background-image":"","background-repeat":"repeat","background-position":"center center","background-size":"auto","background-attachment":"scroll","background-type":"","background-media":"","overlay-type":"","overlay-color":"","overlay-opacity":"","overlay-gradient":""},"mobile":{"background-color":"var(--ast-global-color-4)","background-image":"","background-repeat":"repeat","background-position":"center center","background-size":"auto","background-attachment":"scroll","background-type":"","background-media":"","overlay-type":"","overlay-color":"","overlay-opacity":"","overlay-gradient":""}},"_joinchat":[],"footnotes":""},"class_list":["post-1584","page","type-page","status-publish","hentry"],"_links":{"self":[{"href":"https:\/\/ahsapmerkezi.com\/it\/wp-json\/wp\/v2\/pages\/1584","targetHints":{"allow":["GET"]}}],"collection":[{"href":"https:\/\/ahsapmerkezi.com\/it\/wp-json\/wp\/v2\/pages"}],"about":[{"href":"https:\/\/ahsapmerkezi.com\/it\/wp-json\/wp\/v2\/types\/page"}],"author":[{"embeddable":true,"href":"https:\/\/ahsapmerkezi.com\/it\/wp-json\/wp\/v2\/users\/1"}],"replies":[{"embeddable":true,"href":"https:\/\/ahsapmerkezi.com\/it\/wp-json\/wp\/v2\/comments?post=1584"}],"version-history":[{"count":28,"href":"https:\/\/ahsapmerkezi.com\/it\/wp-json\/wp\/v2\/pages\/1584\/revisions"}],"predecessor-version":[{"id":2037,"href":"https:\/\/ahsapmerkezi.com\/it\/wp-json\/wp\/v2\/pages\/1584\/revisions\/2037"}],"wp:attachment":[{"href":"https:\/\/ahsapmerkezi.com\/it\/wp-json\/wp\/v2\/media?parent=1584"}],"curies":[{"name":"wp","href":"https:\/\/api.w.org\/{rel}","templated":true}]}}